{"id":113,"date":"2024-08-28T17:07:53","date_gmt":"2024-08-28T17:07:53","guid":{"rendered":"https:\/\/mav.tec.br\/kyc\/?page_id=113"},"modified":"2024-10-10T11:55:26","modified_gmt":"2024-10-10T14:55:26","slug":"contato","status":"publish","type":"page","link":"https:\/\/mav.tec.br\/kyc\/contato\/","title":{"rendered":"Contato"},"content":{"rendered":"\n<div class=\"forminator-guttenberg\"><div class=\"forminator-ui forminator-custom-form forminator-custom-form-112 forminator-design--default  forminator_ajax\" data-forminator-render=\"0\" data-form=\"forminator-module-112\" data-uid=\"69df14df3a6e2\"><br\/><\/div><form\n\t\t\t\tid=\"forminator-module-112\"\n\t\t\t\tclass=\"forminator-ui forminator-custom-form forminator-custom-form-112 forminator-design--default  forminator_ajax\"\n\t\t\t\tmethod=\"post\"\n\t\t\t\tdata-forminator-render=\"0\"\n\t\t\t\tdata-form-id=\"112\"\n\t\t\t\t data-color-option=\"default\" data-design=\"default\" data-grid=\"open\" style=\"display: none;\"\n\t\t\t\tdata-uid=\"69df14df3a6e2\"\n\t\t\t><div role=\"alert\" aria-live=\"polite\" class=\"forminator-response-message forminator-error\" aria-hidden=\"true\"><\/div><div class=\"forminator-row\"><div id=\"section-1\" class=\"forminator-field-section forminator-col forminator-col-12 \"><div class=\"forminator-field\"><h2 class=\"forminator-title\">Entre em contato<\/h2><hr class=\"forminator-border\" style=\"border: 1px solid 1;\" \/><\/div><\/div><\/div><div class=\"forminator-row\"><div id=\"name-1\" class=\"forminator-field-name forminator-col forminator-col-12 \"><div class=\"forminator-field\"><label for=\"forminator-field-name-1_69df14df3a6e2\" id=\"forminator-field-name-1_69df14df3a6e2-label\" class=\"forminator-label\">Primeiro Nome <span class=\"forminator-required\">*<\/span><\/label><input type=\"text\" name=\"name-1\" value=\"\" placeholder=\"E.x. John\" id=\"forminator-field-name-1_69df14df3a6e2\" class=\"forminator-input forminator-name--field\" aria-required=\"true\" autocomplete=\"name\" \/><\/div><\/div><\/div><div class=\"forminator-row\"><div id=\"email-1\" class=\"forminator-field-email forminator-col forminator-col-12 \"><div class=\"forminator-field\"><label for=\"forminator-field-email-1_69df14df3a6e2\" id=\"forminator-field-email-1_69df14df3a6e2-label\" class=\"forminator-label\">Endere\u00e7o de E-mail <span class=\"forminator-required\">*<\/span><\/label><input type=\"email\" name=\"email-1\" value=\"\" placeholder=\"E.x. john@doe.com\" id=\"forminator-field-email-1_69df14df3a6e2\" class=\"forminator-input forminator-email--field\" data-required=\"true\" aria-required=\"true\" autocomplete=\"email\" \/><\/div><\/div><\/div><div class=\"forminator-row\"><div id=\"phone-1\" class=\"forminator-field-phone forminator-col forminator-col-12 \"><div class=\"forminator-field\"><label for=\"forminator-field-phone-1_69df14df3a6e2\" id=\"forminator-field-phone-1_69df14df3a6e2-label\" class=\"forminator-label\">Telefone<\/label><input type=\"text\" name=\"phone-1\" value=\"\" placeholder=\"E.x. +1 3004005000\" id=\"forminator-field-phone-1_69df14df3a6e2\" class=\"forminator-input forminator-field--phone\" data-required=\"\" aria-required=\"false\" autocomplete=\"off\" \/><\/div><\/div><\/div><div class=\"forminator-row\"><div id=\"textarea-1\" class=\"forminator-field-textarea forminator-col forminator-col-12 \"><div class=\"forminator-field\"><label for=\"forminator-field-textarea-1_69df14df3a6e2\" id=\"forminator-field-textarea-1_69df14df3a6e2-label\" class=\"forminator-label\">Mensagem<\/label><textarea name=\"textarea-1\" placeholder=\"Escreva sua mensagem\" id=\"forminator-field-textarea-1_69df14df3a6e2\" class=\"forminator-textarea\" rows=\"6\" style=\"min-height:140px;\" maxlength=\"180\" ><\/textarea><span id=\"forminator-field-textarea-1_69df14df3a6e2-description\" class=\"forminator-description\"><span data-limit=\"180\" data-type=\"characters\" data-editor=\"\">0 \/ 180<\/span><\/span><\/div><\/div><\/div><div class=\"forminator-row\"><div id=\"checkbox-1\" class=\"forminator-field-checkbox forminator-col forminator-col-6 \"><div role=\"group\" class=\"forminator-field required\" aria-labelledby=\"forminator-checkbox-group-forminator-field-checkbox-1-69df14df3a6e2-label\"><span id=\"forminator-checkbox-group-forminator-field-checkbox-1-69df14df3a6e2-label\" class=\"forminator-label\">Confirme que deseja ser contatado <span class=\"forminator-required\">*<\/span><\/span><label id=\"forminator-field-checkbox-1-1-69df14df3a6e2-label\" for=\"forminator-field-checkbox-1-1-69df14df3a6e2\" class=\"forminator-checkbox\" title=\"Confirmo\"><input type=\"checkbox\" name=\"checkbox-1[]\" value=\"one\" id=\"forminator-field-checkbox-1-1-69df14df3a6e2\" aria-labelledby=\"forminator-field-checkbox-1-1-69df14df3a6e2-label\" data-calculation=\"0\"   data-hidden-behavior=\"zero\"\/><span class=\"forminator-checkbox-box\" aria-hidden=\"true\"><\/span><span class=\"forminator-checkbox-label\">Confirmo<\/span><\/label><\/div><\/div><div id=\"captcha-1\" class=\"forminator-field-captcha forminator-col forminator-col-6 \"><div class=\"forminator-captcha-left forminator-g-recaptcha\" data-theme=\"light\"  data-sitekey=\"6LedA4YsAAAAAD0uYegLiUmeAqamLUXAZUDa8gjR\" data-size=\"normal\"><\/div> <\/div><\/div><input type=\"hidden\" name=\"referer_url\" value=\"\" \/><div class=\"forminator-row forminator-row-last\"><div class=\"forminator-col\"><div class=\"forminator-field\"><button class=\"forminator-button forminator-button-submit\">Enviar mensagem<\/button><\/div><\/div><\/div><input type=\"hidden\" id=\"forminator_nonce\" name=\"forminator_nonce\" value=\"ff907f2c8b\" \/><input type=\"hidden\" name=\"_wp_http_referer\" value=\"\/kyc\/wp-json\/wp\/v2\/pages\/113\" \/><input type=\"hidden\" name=\"form_id\" value=\"112\"><input type=\"hidden\" name=\"page_id\" value=\"113\"><input type=\"hidden\" name=\"form_type\" value=\"default\"><input type=\"hidden\" name=\"current_url\" value=\"https:\/\/mav.tec.br\/kyc\/contato\/\"><input type=\"hidden\" name=\"render_id\" value=\"0\"><input type=\"hidden\" name=\"action\" value=\"forminator_submit_form_custom-forms\"><\/form><\/div>\n<p>Views: 2<\/p><div id=\"advads-1234260846\" class=\"advads-depois-do-conteudo advads-entity-placement\" style=\"margin-left: auto;margin-right: auto;text-align: center;\"><a href=\"https:\/\/mav.tec.br\/kyc\/promocao\/\" aria-label=\"anuncio promo 3 meses\"><img src=\"https:\/\/mav.tec.br\/kyc\/wp-content\/uploads\/2024\/09\/anuncio-promo-3-meses-e1729090425995.jpg\" alt=\"\"  width=\"800\" height=\"202\"   \/><\/a><\/div>","protected":false},"excerpt":{"rendered":"<p>Views: 2<\/p>\n","protected":false},"author":3,"featured_media":0,"parent":0,"menu_order":0,"comment_status":"closed","ping_status":"closed","template":"","meta":{"footnotes":""},"class_list":["post-113","page","type-page","status-publish","hentry"],"yoast_head":"<!-- This site is optimized with the Yoast SEO plugin v27.4 - https:\/\/yoast.com\/product\/yoast-seo-wordpress\/ -->\n<title>Contato -<\/title>\n<meta name=\"description\" content=\"O relacionamento com o cliente \u00e9 um processo cont\u00ednuo que exige dedica\u00e7\u00e3o e adapta\u00e7\u00e3o. Ao superar os desafios mencionados, os empreendedores podem construir relacionamentos duradouros e fortalecer seus neg\u00f3cios.\" \/>\n<meta name=\"robots\" content=\"index, follow, max-snippet:-1, max-image-preview:large, max-video-preview:-1\" \/>\n<link rel=\"canonical\" href=\"https:\/\/mav.tec.br\/kyc\/contato\/\" \/>\n<meta property=\"og:locale\" content=\"pt_BR\" \/>\n<meta property=\"og:type\" content=\"article\" \/>\n<meta property=\"og:title\" content=\"Contato -\" \/>\n<meta property=\"og:description\" content=\"O relacionamento com o cliente \u00e9 um processo cont\u00ednuo que exige dedica\u00e7\u00e3o e adapta\u00e7\u00e3o. Ao superar os desafios mencionados, os empreendedores podem construir relacionamentos duradouros e fortalecer seus neg\u00f3cios.\" \/>\n<meta property=\"og:url\" content=\"https:\/\/mav.tec.br\/kyc\/contato\/\" \/>\n<meta property=\"article:modified_time\" content=\"2024-10-10T14:55:26+00:00\" \/>\n<meta name=\"twitter:card\" content=\"summary_large_image\" \/>\n<meta name=\"twitter:label1\" content=\"Est. tempo de leitura\" \/>\n\t<meta name=\"twitter:data1\" content=\"1 minuto\" \/>\n<script type=\"application\/ld+json\" class=\"yoast-schema-graph\">{\"@context\":\"https:\\\/\\\/schema.org\",\"@graph\":[{\"@type\":\"WebPage\",\"@id\":\"https:\\\/\\\/mav.tec.br\\\/kyc\\\/contato\\\/\",\"url\":\"https:\\\/\\\/mav.tec.br\\\/kyc\\\/contato\\\/\",\"name\":\"Contato -\",\"isPartOf\":{\"@id\":\"https:\\\/\\\/mav.tec.br\\\/kyc\\\/#website\"},\"datePublished\":\"2024-08-28T17:07:53+00:00\",\"dateModified\":\"2024-10-10T14:55:26+00:00\",\"description\":\"O relacionamento com o cliente \u00e9 um processo cont\u00ednuo que exige dedica\u00e7\u00e3o e adapta\u00e7\u00e3o. Ao superar os desafios mencionados, os empreendedores podem construir relacionamentos duradouros e fortalecer seus neg\u00f3cios.\",\"breadcrumb\":{\"@id\":\"https:\\\/\\\/mav.tec.br\\\/kyc\\\/contato\\\/#breadcrumb\"},\"inLanguage\":\"pt-BR\",\"potentialAction\":[{\"@type\":\"ReadAction\",\"target\":[\"https:\\\/\\\/mav.tec.br\\\/kyc\\\/contato\\\/\"]}]},{\"@type\":\"BreadcrumbList\",\"@id\":\"https:\\\/\\\/mav.tec.br\\\/kyc\\\/contato\\\/#breadcrumb\",\"itemListElement\":[{\"@type\":\"ListItem\",\"position\":1,\"name\":\"In\u00edcio\",\"item\":\"https:\\\/\\\/mav.tec.br\\\/kyc\\\/\"},{\"@type\":\"ListItem\",\"position\":2,\"name\":\"Contato\"}]},{\"@type\":\"WebSite\",\"@id\":\"https:\\\/\\\/mav.tec.br\\\/kyc\\\/#website\",\"url\":\"https:\\\/\\\/mav.tec.br\\\/kyc\\\/\",\"name\":\"Conhe\u00e7a o seu Cliente\",\"description\":\"Existem apenas dois motivos para algu\u00e9m comprar: necessidade ou desejo. Quem foca na necessidade sobrevive, mas quem domina os desejos dos clientes alcan\u00e7a o verdadeiro sucesso.\",\"publisher\":{\"@id\":\"https:\\\/\\\/mav.tec.br\\\/kyc\\\/#organization\"},\"potentialAction\":[{\"@type\":\"SearchAction\",\"target\":{\"@type\":\"EntryPoint\",\"urlTemplate\":\"https:\\\/\\\/mav.tec.br\\\/kyc\\\/?s={search_term_string}\"},\"query-input\":{\"@type\":\"PropertyValueSpecification\",\"valueRequired\":true,\"valueName\":\"search_term_string\"}}],\"inLanguage\":\"pt-BR\"},{\"@type\":\"Organization\",\"@id\":\"https:\\\/\\\/mav.tec.br\\\/kyc\\\/#organization\",\"name\":\"Kyc?\",\"url\":\"https:\\\/\\\/mav.tec.br\\\/kyc\\\/\",\"logo\":{\"@type\":\"ImageObject\",\"inLanguage\":\"pt-BR\",\"@id\":\"https:\\\/\\\/mav.tec.br\\\/kyc\\\/#\\\/schema\\\/logo\\\/image\\\/\",\"url\":\"https:\\\/\\\/mav.tec.br\\\/kyc\\\/wp-content\\\/uploads\\\/2024\\\/08\\\/cropped-KYC-1.png\",\"contentUrl\":\"https:\\\/\\\/mav.tec.br\\\/kyc\\\/wp-content\\\/uploads\\\/2024\\\/08\\\/cropped-KYC-1.png\",\"width\":512,\"height\":512,\"caption\":\"Kyc?\"},\"image\":{\"@id\":\"https:\\\/\\\/mav.tec.br\\\/kyc\\\/#\\\/schema\\\/logo\\\/image\\\/\"}}]}<\/script>\n<!-- \/ Yoast SEO plugin. -->","yoast_head_json":{"title":"Contato -","description":"O relacionamento com o cliente \u00e9 um processo cont\u00ednuo que exige dedica\u00e7\u00e3o e adapta\u00e7\u00e3o. Ao superar os desafios mencionados, os empreendedores podem construir relacionamentos duradouros e fortalecer seus neg\u00f3cios.","robots":{"index":"index","follow":"follow","max-snippet":"max-snippet:-1","max-image-preview":"max-image-preview:large","max-video-preview":"max-video-preview:-1"},"canonical":"https:\/\/mav.tec.br\/kyc\/contato\/","og_locale":"pt_BR","og_type":"article","og_title":"Contato -","og_description":"O relacionamento com o cliente \u00e9 um processo cont\u00ednuo que exige dedica\u00e7\u00e3o e adapta\u00e7\u00e3o. Ao superar os desafios mencionados, os empreendedores podem construir relacionamentos duradouros e fortalecer seus neg\u00f3cios.","og_url":"https:\/\/mav.tec.br\/kyc\/contato\/","article_modified_time":"2024-10-10T14:55:26+00:00","twitter_card":"summary_large_image","twitter_misc":{"Est. tempo de leitura":"1 minuto"},"schema":{"@context":"https:\/\/schema.org","@graph":[{"@type":"WebPage","@id":"https:\/\/mav.tec.br\/kyc\/contato\/","url":"https:\/\/mav.tec.br\/kyc\/contato\/","name":"Contato -","isPartOf":{"@id":"https:\/\/mav.tec.br\/kyc\/#website"},"datePublished":"2024-08-28T17:07:53+00:00","dateModified":"2024-10-10T14:55:26+00:00","description":"O relacionamento com o cliente \u00e9 um processo cont\u00ednuo que exige dedica\u00e7\u00e3o e adapta\u00e7\u00e3o. Ao superar os desafios mencionados, os empreendedores podem construir relacionamentos duradouros e fortalecer seus neg\u00f3cios.","breadcrumb":{"@id":"https:\/\/mav.tec.br\/kyc\/contato\/#breadcrumb"},"inLanguage":"pt-BR","potentialAction":[{"@type":"ReadAction","target":["https:\/\/mav.tec.br\/kyc\/contato\/"]}]},{"@type":"BreadcrumbList","@id":"https:\/\/mav.tec.br\/kyc\/contato\/#breadcrumb","itemListElement":[{"@type":"ListItem","position":1,"name":"In\u00edcio","item":"https:\/\/mav.tec.br\/kyc\/"},{"@type":"ListItem","position":2,"name":"Contato"}]},{"@type":"WebSite","@id":"https:\/\/mav.tec.br\/kyc\/#website","url":"https:\/\/mav.tec.br\/kyc\/","name":"Conhe\u00e7a o seu Cliente","description":"Existem apenas dois motivos para algu\u00e9m comprar: necessidade ou desejo. Quem foca na necessidade sobrevive, mas quem domina os desejos dos clientes alcan\u00e7a o verdadeiro sucesso.","publisher":{"@id":"https:\/\/mav.tec.br\/kyc\/#organization"},"potentialAction":[{"@type":"SearchAction","target":{"@type":"EntryPoint","urlTemplate":"https:\/\/mav.tec.br\/kyc\/?s={search_term_string}"},"query-input":{"@type":"PropertyValueSpecification","valueRequired":true,"valueName":"search_term_string"}}],"inLanguage":"pt-BR"},{"@type":"Organization","@id":"https:\/\/mav.tec.br\/kyc\/#organization","name":"Kyc?","url":"https:\/\/mav.tec.br\/kyc\/","logo":{"@type":"ImageObject","inLanguage":"pt-BR","@id":"https:\/\/mav.tec.br\/kyc\/#\/schema\/logo\/image\/","url":"https:\/\/mav.tec.br\/kyc\/wp-content\/uploads\/2024\/08\/cropped-KYC-1.png","contentUrl":"https:\/\/mav.tec.br\/kyc\/wp-content\/uploads\/2024\/08\/cropped-KYC-1.png","width":512,"height":512,"caption":"Kyc?"},"image":{"@id":"https:\/\/mav.tec.br\/kyc\/#\/schema\/logo\/image\/"}}]}},"_links":{"self":[{"href":"https:\/\/mav.tec.br\/kyc\/wp-json\/wp\/v2\/pages\/113","targetHints":{"allow":["GET"]}}],"collection":[{"href":"https:\/\/mav.tec.br\/kyc\/wp-json\/wp\/v2\/pages"}],"about":[{"href":"https:\/\/mav.tec.br\/kyc\/wp-json\/wp\/v2\/types\/page"}],"author":[{"embeddable":true,"href":"https:\/\/mav.tec.br\/kyc\/wp-json\/wp\/v2\/users\/3"}],"replies":[{"embeddable":true,"href":"https:\/\/mav.tec.br\/kyc\/wp-json\/wp\/v2\/comments?post=113"}],"version-history":[{"count":1,"href":"https:\/\/mav.tec.br\/kyc\/wp-json\/wp\/v2\/pages\/113\/revisions"}],"predecessor-version":[{"id":114,"href":"https:\/\/mav.tec.br\/kyc\/wp-json\/wp\/v2\/pages\/113\/revisions\/114"}],"wp:attachment":[{"href":"https:\/\/mav.tec.br\/kyc\/wp-json\/wp\/v2\/media?parent=113"}],"curies":[{"name":"wp","href":"https:\/\/api.w.org\/{rel}","templated":true}]}}