{"id":413,"date":"2024-09-19T17:49:57","date_gmt":"2024-09-19T20:49:57","guid":{"rendered":"https:\/\/mav.tec.br\/kyc\/?page_id=413"},"modified":"2024-10-16T13:06:50","modified_gmt":"2024-10-16T16:06:50","slug":"a-plataforma-kyc-e-confiavel","status":"publish","type":"page","link":"https:\/\/mav.tec.br\/kyc\/a-plataforma-kyc-e-confiavel\/","title":{"rendered":"A plataforma Kyc? \u00e9 confi\u00e1vel?"},"content":{"rendered":"\n<h4>Kyc? \u00e9 uma plataforma criada com base na experi\u00eancia adquirida por anos em grandes e m\u00e9dias organiza\u00e7\u00f5es e na observa\u00e7\u00e3o de como os empreendedores d\u00e3o pouca aten\u00e7\u00e3o aos clientes com uso de tecnologia.<\/h4>\n<h4>A plataforma Kyc? \u00e9 suportada pela <a href=\"https:\/\/bemav.com.br\/home\/\" target=\"_blank\" rel=\"noopener\">be.MAV<\/a> uma empresa de 10 anos, atrav\u00e9s da sua \u00e1rea dedicada a pequenos e m\u00e9dios neg\u00f3cios a <a href=\"https:\/\/www.ev.bemav.com.br\/\" target=\"_blank\" rel=\"noopener\">E.V. (Especial voc\u00ea).&nbsp;<\/a><\/h4>\n\n\n\n<!--more-->\n\n\n\n<div class=\"wp-block-columns is-layout-flex wp-container-core-columns-is-layout-9d6595d7 wp-block-columns-is-layout-flex\">\n<div class=\"wp-block-column is-layout-flow wp-block-column-is-layout-flow\" style=\"flex-basis:100%\">\n<div class=\"wp-block-buttons is-content-justification-center is-layout-flex wp-container-core-buttons-is-layout-16018d1d wp-block-buttons-is-layout-flex\">\n<div class=\"wp-block-button has-custom-width wp-block-button__width-50\"><a class=\"wp-block-button__link has-white-color has-midnight-gradient-background has-text-color has-background has-link-color wp-element-button\" href=\"https:\/\/mav.tec.br\/kyc\/arquitetura-simplificada-do-kyc\/\" target=\"_blank\" rel=\"noreferrer noopener\">Arquitetura simplificada do Kyc?<\/a><\/div>\n<\/div>\n\n\n\n<div style=\"height:28px\" aria-hidden=\"true\" class=\"wp-block-spacer\"><\/div>\n\n\n\n<div class=\"wp-block-buttons is-content-justification-center is-layout-flex wp-container-core-buttons-is-layout-16018d1d wp-block-buttons-is-layout-flex\">\n<div class=\"wp-block-button has-custom-width wp-block-button__width-50\"><a class=\"wp-block-button__link has-white-color has-text-color has-background has-link-color wp-element-button\" href=\"https:\/\/mav.tec.br\/kyc\/meus-dados-estarao-seguros\/\" style=\"background:linear-gradient(318deg,rgb(2,3,129) 0%,rgb(40,116,252) 100%)\" target=\"_blank\" rel=\"noreferrer noopener\">Meus dados estar\u00e3o seguros?<\/a><\/div>\n<\/div>\n<\/div>\n<\/div>\n\n\n\n<p><span style=\"font-size: 20px;\">A <a href=\"https:\/\/bemav.com.br\/home\/\" target=\"_blank\" rel=\"noopener\">be.MAV<\/a> (nome fantasia) nasceu no ano de 2014, fundada por profissionais experientes em tecnologia para representar empresas da \u00e1rea e dar consultoria, tendo se especializado em seguran\u00e7a da informa\u00e7\u00e3o e preven\u00e7\u00e3o a fraudes.<\/span><\/p>\n<p><span style=\"font-size: 20px;\">Hoje, a <a href=\"https:\/\/bemav.com.br\/home\/\" target=\"_blank\" rel=\"noopener\">be.MAV<\/a> representa uma tradicional empresa americana de manipula\u00e7\u00e3o de dados e seguran\u00e7a, a <a href=\"https:\/\/www.iri.com\/\" target=\"_blank\" rel=\"noopener\">IRI<\/a>, e a <a href=\"https:\/\/www.cpqd.com.br\/\" target=\"_blank\" rel=\"noopener\">Funda\u00e7\u00e3o CPqD<\/a> com todas as solu\u00e7\u00f5es e intelig\u00eancia dessa tradicional organiza\u00e7\u00e3o, sem contar as parcerias locais pontuais para atender a demanda dos nossos clientes.<\/span><\/p>\n<p><span style=\"font-size: 20px;\">J\u00e1 a <a href=\"https:\/\/www.ev.bemav.com.br\/\" target=\"_blank\" rel=\"noopener\">E.V (Especial Voc\u00ea)<\/a> foi criada para atender clientes pequenos e m\u00e9dios, onde a necessidade por conhecimento em tecnologia e apoio \u00e9 muito importante.<\/span><\/p>\n<p><span style=\"font-size: 20px;\">Na <a href=\"https:\/\/www.ev.bemav.com.br\/\" target=\"_blank\" rel=\"noopener\">E.V.<\/a> n\u00e3o somos criadores de sites, aplicativo, desenvolvedores, n\u00f3s entendemos de processos, englobando todas as disciplinas necess\u00e1rias para dar ao empreendedor a melhor solu\u00e7\u00e3o em rela\u00e7\u00e3o investimento em rela\u00e7\u00e3o a retorno conforme a maturidade de cada neg\u00f3cio.<\/span><\/p>\n\n\n\n<blockquote class=\"wp-block-quote is-layout-flow wp-block-quote-is-layout-flow\">\n<p class=\"has-white-color has-midnight-gradient-background has-text-color has-background has-link-color has-medium-font-size wp-elements-24b024288795cadefa554304f2f52575\">Portanto, por tr\u00e1s da plataforma Kyc? tem uma estrutura experiente para suport\u00e1-la e auxiliar os nossos usu\u00e1rios a evolu\u00edrem, sobreviver e lucrar.<\/p>\n<\/blockquote>\n\n\n<p>Views: 9<\/p><div id=\"advads-2068060496\" class=\"advads-depois-do-conteudo advads-entity-placement\" style=\"margin-left: auto;margin-right: auto;text-align: center;\"><a href=\"https:\/\/mav.tec.br\/kyc\/promocao\/\" aria-label=\"anuncio promo 3 meses\"><img src=\"https:\/\/mav.tec.br\/kyc\/wp-content\/uploads\/2024\/09\/anuncio-promo-3-meses-e1729090425995.jpg\" alt=\"\"  width=\"800\" height=\"202\"   \/><\/a><\/div>","protected":false},"excerpt":{"rendered":"<p>Kyc? \u00e9 uma plataforma criada com base na experi\u00eancia adquirida por anos em grandes e m\u00e9dias organiza\u00e7\u00f5es e na observa\u00e7\u00e3o de como os empreendedores d\u00e3o pouca aten\u00e7\u00e3o aos clientes com uso de tecnologia. A plataforma Kyc? \u00e9 suportada pela be.MAV uma empresa de 10 anos, atrav\u00e9s da sua \u00e1rea dedicada a pequenos e m\u00e9dios neg\u00f3cios [&hellip;]<\/p>\n","protected":false},"author":3,"featured_media":415,"parent":0,"menu_order":0,"comment_status":"closed","ping_status":"closed","template":"","meta":{"footnotes":""},"class_list":["post-413","page","type-page","status-publish","has-post-thumbnail","hentry"],"yoast_head":"<!-- This site is optimized with the Yoast SEO plugin v27.4 - https:\/\/yoast.com\/product\/yoast-seo-wordpress\/ -->\n<title>A plataforma Kyc? \u00e9 confi\u00e1vel? -<\/title>\n<meta name=\"description\" content=\"A plataforma Kyc? \u00e9 suportada pela be.MAV uma empresa de 10 anos, atrav\u00e9s da sua \u00e1rea para pequenos e m\u00e9dios neg\u00f3cios a E.V. (Especial voc\u00ea).\" \/>\n<meta name=\"robots\" content=\"index, follow, max-snippet:-1, max-image-preview:large, max-video-preview:-1\" \/>\n<link rel=\"canonical\" href=\"https:\/\/mav.tec.br\/kyc\/a-plataforma-kyc-e-confiavel\/\" \/>\n<meta property=\"og:locale\" content=\"pt_BR\" \/>\n<meta property=\"og:type\" content=\"article\" \/>\n<meta property=\"og:title\" content=\"A plataforma Kyc? \u00e9 confi\u00e1vel? -\" \/>\n<meta property=\"og:description\" content=\"A plataforma Kyc? \u00e9 suportada pela be.MAV uma empresa de 10 anos, atrav\u00e9s da sua \u00e1rea para pequenos e m\u00e9dios neg\u00f3cios a E.V. (Especial voc\u00ea).\" \/>\n<meta property=\"og:url\" content=\"https:\/\/mav.tec.br\/kyc\/a-plataforma-kyc-e-confiavel\/\" \/>\n<meta property=\"article:modified_time\" content=\"2024-10-16T16:06:50+00:00\" \/>\n<meta property=\"og:image\" content=\"https:\/\/mav.tec.br\/kyc\/wp-content\/uploads\/2024\/09\/backoffice-2.jpg\" \/>\n\t<meta property=\"og:image:width\" content=\"1200\" \/>\n\t<meta property=\"og:image:height\" content=\"500\" \/>\n\t<meta property=\"og:image:type\" content=\"image\/jpeg\" \/>\n<meta name=\"twitter:card\" content=\"summary_large_image\" \/>\n<meta name=\"twitter:label1\" content=\"Est. tempo de leitura\" \/>\n\t<meta name=\"twitter:data1\" content=\"2 minutos\" \/>\n<script type=\"application\/ld+json\" class=\"yoast-schema-graph\">{\"@context\":\"https:\\\/\\\/schema.org\",\"@graph\":[{\"@type\":\"WebPage\",\"@id\":\"https:\\\/\\\/mav.tec.br\\\/kyc\\\/a-plataforma-kyc-e-confiavel\\\/\",\"url\":\"https:\\\/\\\/mav.tec.br\\\/kyc\\\/a-plataforma-kyc-e-confiavel\\\/\",\"name\":\"A plataforma Kyc? \u00e9 confi\u00e1vel? -\",\"isPartOf\":{\"@id\":\"https:\\\/\\\/mav.tec.br\\\/kyc\\\/#website\"},\"primaryImageOfPage\":{\"@id\":\"https:\\\/\\\/mav.tec.br\\\/kyc\\\/a-plataforma-kyc-e-confiavel\\\/#primaryimage\"},\"image\":{\"@id\":\"https:\\\/\\\/mav.tec.br\\\/kyc\\\/a-plataforma-kyc-e-confiavel\\\/#primaryimage\"},\"thumbnailUrl\":\"https:\\\/\\\/mav.tec.br\\\/kyc\\\/wp-content\\\/uploads\\\/2024\\\/09\\\/backoffice-2.jpg\",\"datePublished\":\"2024-09-19T20:49:57+00:00\",\"dateModified\":\"2024-10-16T16:06:50+00:00\",\"description\":\"A plataforma Kyc? \u00e9 suportada pela be.MAV uma empresa de 10 anos, atrav\u00e9s da sua \u00e1rea para pequenos e m\u00e9dios neg\u00f3cios a E.V. (Especial voc\u00ea).\",\"breadcrumb\":{\"@id\":\"https:\\\/\\\/mav.tec.br\\\/kyc\\\/a-plataforma-kyc-e-confiavel\\\/#breadcrumb\"},\"inLanguage\":\"pt-BR\",\"potentialAction\":[{\"@type\":\"ReadAction\",\"target\":[\"https:\\\/\\\/mav.tec.br\\\/kyc\\\/a-plataforma-kyc-e-confiavel\\\/\"]}]},{\"@type\":\"ImageObject\",\"inLanguage\":\"pt-BR\",\"@id\":\"https:\\\/\\\/mav.tec.br\\\/kyc\\\/a-plataforma-kyc-e-confiavel\\\/#primaryimage\",\"url\":\"https:\\\/\\\/mav.tec.br\\\/kyc\\\/wp-content\\\/uploads\\\/2024\\\/09\\\/backoffice-2.jpg\",\"contentUrl\":\"https:\\\/\\\/mav.tec.br\\\/kyc\\\/wp-content\\\/uploads\\\/2024\\\/09\\\/backoffice-2.jpg\",\"width\":1200,\"height\":500},{\"@type\":\"BreadcrumbList\",\"@id\":\"https:\\\/\\\/mav.tec.br\\\/kyc\\\/a-plataforma-kyc-e-confiavel\\\/#breadcrumb\",\"itemListElement\":[{\"@type\":\"ListItem\",\"position\":1,\"name\":\"In\u00edcio\",\"item\":\"https:\\\/\\\/mav.tec.br\\\/kyc\\\/\"},{\"@type\":\"ListItem\",\"position\":2,\"name\":\"A plataforma Kyc? \u00e9 confi\u00e1vel?\"}]},{\"@type\":\"WebSite\",\"@id\":\"https:\\\/\\\/mav.tec.br\\\/kyc\\\/#website\",\"url\":\"https:\\\/\\\/mav.tec.br\\\/kyc\\\/\",\"name\":\"Conhe\u00e7a o seu Cliente\",\"description\":\"Existem apenas dois motivos para algu\u00e9m comprar: necessidade ou desejo. Quem foca na necessidade sobrevive, mas quem domina os desejos dos clientes alcan\u00e7a o verdadeiro sucesso.\",\"publisher\":{\"@id\":\"https:\\\/\\\/mav.tec.br\\\/kyc\\\/#organization\"},\"potentialAction\":[{\"@type\":\"SearchAction\",\"target\":{\"@type\":\"EntryPoint\",\"urlTemplate\":\"https:\\\/\\\/mav.tec.br\\\/kyc\\\/?s={search_term_string}\"},\"query-input\":{\"@type\":\"PropertyValueSpecification\",\"valueRequired\":true,\"valueName\":\"search_term_string\"}}],\"inLanguage\":\"pt-BR\"},{\"@type\":\"Organization\",\"@id\":\"https:\\\/\\\/mav.tec.br\\\/kyc\\\/#organization\",\"name\":\"Kyc?\",\"url\":\"https:\\\/\\\/mav.tec.br\\\/kyc\\\/\",\"logo\":{\"@type\":\"ImageObject\",\"inLanguage\":\"pt-BR\",\"@id\":\"https:\\\/\\\/mav.tec.br\\\/kyc\\\/#\\\/schema\\\/logo\\\/image\\\/\",\"url\":\"https:\\\/\\\/mav.tec.br\\\/kyc\\\/wp-content\\\/uploads\\\/2024\\\/08\\\/cropped-KYC-1.png\",\"contentUrl\":\"https:\\\/\\\/mav.tec.br\\\/kyc\\\/wp-content\\\/uploads\\\/2024\\\/08\\\/cropped-KYC-1.png\",\"width\":512,\"height\":512,\"caption\":\"Kyc?\"},\"image\":{\"@id\":\"https:\\\/\\\/mav.tec.br\\\/kyc\\\/#\\\/schema\\\/logo\\\/image\\\/\"}}]}<\/script>\n<!-- \/ Yoast SEO plugin. -->","yoast_head_json":{"title":"A plataforma Kyc? \u00e9 confi\u00e1vel? -","description":"A plataforma Kyc? \u00e9 suportada pela be.MAV uma empresa de 10 anos, atrav\u00e9s da sua \u00e1rea para pequenos e m\u00e9dios neg\u00f3cios a E.V. (Especial voc\u00ea).","robots":{"index":"index","follow":"follow","max-snippet":"max-snippet:-1","max-image-preview":"max-image-preview:large","max-video-preview":"max-video-preview:-1"},"canonical":"https:\/\/mav.tec.br\/kyc\/a-plataforma-kyc-e-confiavel\/","og_locale":"pt_BR","og_type":"article","og_title":"A plataforma Kyc? \u00e9 confi\u00e1vel? -","og_description":"A plataforma Kyc? \u00e9 suportada pela be.MAV uma empresa de 10 anos, atrav\u00e9s da sua \u00e1rea para pequenos e m\u00e9dios neg\u00f3cios a E.V. (Especial voc\u00ea).","og_url":"https:\/\/mav.tec.br\/kyc\/a-plataforma-kyc-e-confiavel\/","article_modified_time":"2024-10-16T16:06:50+00:00","og_image":[{"width":1200,"height":500,"url":"https:\/\/mav.tec.br\/kyc\/wp-content\/uploads\/2024\/09\/backoffice-2.jpg","type":"image\/jpeg"}],"twitter_card":"summary_large_image","twitter_misc":{"Est. tempo de leitura":"2 minutos"},"schema":{"@context":"https:\/\/schema.org","@graph":[{"@type":"WebPage","@id":"https:\/\/mav.tec.br\/kyc\/a-plataforma-kyc-e-confiavel\/","url":"https:\/\/mav.tec.br\/kyc\/a-plataforma-kyc-e-confiavel\/","name":"A plataforma Kyc? \u00e9 confi\u00e1vel? -","isPartOf":{"@id":"https:\/\/mav.tec.br\/kyc\/#website"},"primaryImageOfPage":{"@id":"https:\/\/mav.tec.br\/kyc\/a-plataforma-kyc-e-confiavel\/#primaryimage"},"image":{"@id":"https:\/\/mav.tec.br\/kyc\/a-plataforma-kyc-e-confiavel\/#primaryimage"},"thumbnailUrl":"https:\/\/mav.tec.br\/kyc\/wp-content\/uploads\/2024\/09\/backoffice-2.jpg","datePublished":"2024-09-19T20:49:57+00:00","dateModified":"2024-10-16T16:06:50+00:00","description":"A plataforma Kyc? \u00e9 suportada pela be.MAV uma empresa de 10 anos, atrav\u00e9s da sua \u00e1rea para pequenos e m\u00e9dios neg\u00f3cios a E.V. (Especial voc\u00ea).","breadcrumb":{"@id":"https:\/\/mav.tec.br\/kyc\/a-plataforma-kyc-e-confiavel\/#breadcrumb"},"inLanguage":"pt-BR","potentialAction":[{"@type":"ReadAction","target":["https:\/\/mav.tec.br\/kyc\/a-plataforma-kyc-e-confiavel\/"]}]},{"@type":"ImageObject","inLanguage":"pt-BR","@id":"https:\/\/mav.tec.br\/kyc\/a-plataforma-kyc-e-confiavel\/#primaryimage","url":"https:\/\/mav.tec.br\/kyc\/wp-content\/uploads\/2024\/09\/backoffice-2.jpg","contentUrl":"https:\/\/mav.tec.br\/kyc\/wp-content\/uploads\/2024\/09\/backoffice-2.jpg","width":1200,"height":500},{"@type":"BreadcrumbList","@id":"https:\/\/mav.tec.br\/kyc\/a-plataforma-kyc-e-confiavel\/#breadcrumb","itemListElement":[{"@type":"ListItem","position":1,"name":"In\u00edcio","item":"https:\/\/mav.tec.br\/kyc\/"},{"@type":"ListItem","position":2,"name":"A plataforma Kyc? \u00e9 confi\u00e1vel?"}]},{"@type":"WebSite","@id":"https:\/\/mav.tec.br\/kyc\/#website","url":"https:\/\/mav.tec.br\/kyc\/","name":"Conhe\u00e7a o seu Cliente","description":"Existem apenas dois motivos para algu\u00e9m comprar: necessidade ou desejo. Quem foca na necessidade sobrevive, mas quem domina os desejos dos clientes alcan\u00e7a o verdadeiro sucesso.","publisher":{"@id":"https:\/\/mav.tec.br\/kyc\/#organization"},"potentialAction":[{"@type":"SearchAction","target":{"@type":"EntryPoint","urlTemplate":"https:\/\/mav.tec.br\/kyc\/?s={search_term_string}"},"query-input":{"@type":"PropertyValueSpecification","valueRequired":true,"valueName":"search_term_string"}}],"inLanguage":"pt-BR"},{"@type":"Organization","@id":"https:\/\/mav.tec.br\/kyc\/#organization","name":"Kyc?","url":"https:\/\/mav.tec.br\/kyc\/","logo":{"@type":"ImageObject","inLanguage":"pt-BR","@id":"https:\/\/mav.tec.br\/kyc\/#\/schema\/logo\/image\/","url":"https:\/\/mav.tec.br\/kyc\/wp-content\/uploads\/2024\/08\/cropped-KYC-1.png","contentUrl":"https:\/\/mav.tec.br\/kyc\/wp-content\/uploads\/2024\/08\/cropped-KYC-1.png","width":512,"height":512,"caption":"Kyc?"},"image":{"@id":"https:\/\/mav.tec.br\/kyc\/#\/schema\/logo\/image\/"}}]}},"_links":{"self":[{"href":"https:\/\/mav.tec.br\/kyc\/wp-json\/wp\/v2\/pages\/413","targetHints":{"allow":["GET"]}}],"collection":[{"href":"https:\/\/mav.tec.br\/kyc\/wp-json\/wp\/v2\/pages"}],"about":[{"href":"https:\/\/mav.tec.br\/kyc\/wp-json\/wp\/v2\/types\/page"}],"author":[{"embeddable":true,"href":"https:\/\/mav.tec.br\/kyc\/wp-json\/wp\/v2\/users\/3"}],"replies":[{"embeddable":true,"href":"https:\/\/mav.tec.br\/kyc\/wp-json\/wp\/v2\/comments?post=413"}],"version-history":[{"count":6,"href":"https:\/\/mav.tec.br\/kyc\/wp-json\/wp\/v2\/pages\/413\/revisions"}],"predecessor-version":[{"id":734,"href":"https:\/\/mav.tec.br\/kyc\/wp-json\/wp\/v2\/pages\/413\/revisions\/734"}],"wp:featuredmedia":[{"embeddable":true,"href":"https:\/\/mav.tec.br\/kyc\/wp-json\/wp\/v2\/media\/415"}],"wp:attachment":[{"href":"https:\/\/mav.tec.br\/kyc\/wp-json\/wp\/v2\/media?parent=413"}],"curies":[{"name":"wp","href":"https:\/\/api.w.org\/{rel}","templated":true}]}}