{"id":419,"date":"2024-09-19T19:07:48","date_gmt":"2024-09-19T22:07:48","guid":{"rendered":"https:\/\/mav.tec.br\/kyc\/?page_id=419"},"modified":"2024-09-19T19:21:47","modified_gmt":"2024-09-19T22:21:47","slug":"arquitetura-simplificada-do-kyc","status":"publish","type":"page","link":"https:\/\/mav.tec.br\/kyc\/arquitetura-simplificada-do-kyc\/","title":{"rendered":"Arquitetura simplificada do Kyc?"},"content":{"rendered":"\n<h4>A plataforma Kyc? \u00e9 composta de um aplicativo na nuvem (provedor UOL Host) e um motor de processamento em backoffice, os dados s\u00e3o armazenados em 2 cofres seguros com acesso restrito, o principal onde os dados s\u00e3o trabalhados e um segundo de backup onde os dados s\u00e3o uma c\u00f3pia atualizada.<\/h4>\n\n\n\n<div class=\"wp-block-buttons is-content-justification-center is-layout-flex wp-container-core-buttons-is-layout-16018d1d wp-block-buttons-is-layout-flex\">\n<div class=\"wp-block-button has-custom-width wp-block-button__width-50 has-custom-font-size has-medium-font-size\"><a class=\"wp-block-button__link has-white-color has-midnight-gradient-background has-text-color has-background has-link-color wp-element-button\" href=\"https:\/\/mav.tec.br\/kyc\/a-plataforma-kyc-e-confiavel\/\" target=\"_blank\" rel=\"noreferrer noopener\"><strong>A plataforma Kyc? \u00e9 confi\u00e1vel?<\/strong><\/a><\/div>\n<\/div>\n<p>Views: 8<\/p><div id=\"advads-1690627638\" class=\"advads-depois-do-conteudo advads-entity-placement\" style=\"margin-left: auto;margin-right: auto;text-align: center;\"><a href=\"https:\/\/mav.tec.br\/kyc\/promocao\/\" aria-label=\"anuncio promo 3 meses\"><img src=\"https:\/\/mav.tec.br\/kyc\/wp-content\/uploads\/2024\/09\/anuncio-promo-3-meses-e1729090425995.jpg\" alt=\"\"  width=\"800\" height=\"202\"   \/><\/a><\/div>","protected":false},"excerpt":{"rendered":"<p>A plataforma Kyc? \u00e9 composta de um aplicativo na nuvem (provedor UOL Host) e um motor de processamento em backoffice, os dados s\u00e3o armazenados em 2 cofres seguros com acesso restrito, o principal onde os dados s\u00e3o trabalhados e um segundo de backup onde os dados s\u00e3o uma c\u00f3pia atualizada. Views: 8<\/p>\n","protected":false},"author":3,"featured_media":420,"parent":0,"menu_order":0,"comment_status":"closed","ping_status":"closed","template":"","meta":{"footnotes":""},"class_list":["post-419","page","type-page","status-publish","has-post-thumbnail","hentry"],"yoast_head":"<!-- This site is optimized with the Yoast SEO plugin v27.4 - https:\/\/yoast.com\/product\/yoast-seo-wordpress\/ -->\n<title>Arquitetura simplificada do Kyc? -<\/title>\n<meta name=\"robots\" content=\"index, follow, max-snippet:-1, max-image-preview:large, max-video-preview:-1\" \/>\n<link rel=\"canonical\" href=\"https:\/\/mav.tec.br\/kyc\/arquitetura-simplificada-do-kyc\/\" \/>\n<meta property=\"og:locale\" content=\"pt_BR\" \/>\n<meta property=\"og:type\" content=\"article\" \/>\n<meta property=\"og:title\" content=\"Arquitetura simplificada do Kyc? -\" \/>\n<meta property=\"og:description\" content=\"A plataforma Kyc? \u00e9 composta de um aplicativo na nuvem (provedor UOL Host) e um motor de processamento em backoffice, os dados s\u00e3o armazenados em 2 cofres seguros com acesso restrito, o principal onde os dados s\u00e3o trabalhados e um segundo de backup onde os dados s\u00e3o uma c\u00f3pia atualizada. Views: 8\" \/>\n<meta property=\"og:url\" content=\"https:\/\/mav.tec.br\/kyc\/arquitetura-simplificada-do-kyc\/\" \/>\n<meta property=\"article:modified_time\" content=\"2024-09-19T22:21:47+00:00\" \/>\n<meta property=\"og:image\" content=\"https:\/\/mav.tec.br\/kyc\/wp-content\/uploads\/2024\/09\/arquitetura.jpg\" \/>\n\t<meta property=\"og:image:width\" content=\"1358\" \/>\n\t<meta property=\"og:image:height\" content=\"1150\" \/>\n\t<meta property=\"og:image:type\" content=\"image\/jpeg\" \/>\n<meta name=\"twitter:card\" content=\"summary_large_image\" \/>\n<meta name=\"twitter:label1\" content=\"Est. tempo de leitura\" \/>\n\t<meta name=\"twitter:data1\" content=\"1 minuto\" \/>\n<script type=\"application\/ld+json\" class=\"yoast-schema-graph\">{\"@context\":\"https:\\\/\\\/schema.org\",\"@graph\":[{\"@type\":\"WebPage\",\"@id\":\"https:\\\/\\\/mav.tec.br\\\/kyc\\\/arquitetura-simplificada-do-kyc\\\/\",\"url\":\"https:\\\/\\\/mav.tec.br\\\/kyc\\\/arquitetura-simplificada-do-kyc\\\/\",\"name\":\"Arquitetura simplificada do Kyc? -\",\"isPartOf\":{\"@id\":\"https:\\\/\\\/mav.tec.br\\\/kyc\\\/#website\"},\"primaryImageOfPage\":{\"@id\":\"https:\\\/\\\/mav.tec.br\\\/kyc\\\/arquitetura-simplificada-do-kyc\\\/#primaryimage\"},\"image\":{\"@id\":\"https:\\\/\\\/mav.tec.br\\\/kyc\\\/arquitetura-simplificada-do-kyc\\\/#primaryimage\"},\"thumbnailUrl\":\"https:\\\/\\\/mav.tec.br\\\/kyc\\\/wp-content\\\/uploads\\\/2024\\\/09\\\/arquitetura.jpg\",\"datePublished\":\"2024-09-19T22:07:48+00:00\",\"dateModified\":\"2024-09-19T22:21:47+00:00\",\"breadcrumb\":{\"@id\":\"https:\\\/\\\/mav.tec.br\\\/kyc\\\/arquitetura-simplificada-do-kyc\\\/#breadcrumb\"},\"inLanguage\":\"pt-BR\",\"potentialAction\":[{\"@type\":\"ReadAction\",\"target\":[\"https:\\\/\\\/mav.tec.br\\\/kyc\\\/arquitetura-simplificada-do-kyc\\\/\"]}]},{\"@type\":\"ImageObject\",\"inLanguage\":\"pt-BR\",\"@id\":\"https:\\\/\\\/mav.tec.br\\\/kyc\\\/arquitetura-simplificada-do-kyc\\\/#primaryimage\",\"url\":\"https:\\\/\\\/mav.tec.br\\\/kyc\\\/wp-content\\\/uploads\\\/2024\\\/09\\\/arquitetura.jpg\",\"contentUrl\":\"https:\\\/\\\/mav.tec.br\\\/kyc\\\/wp-content\\\/uploads\\\/2024\\\/09\\\/arquitetura.jpg\",\"width\":1358,\"height\":1150},{\"@type\":\"BreadcrumbList\",\"@id\":\"https:\\\/\\\/mav.tec.br\\\/kyc\\\/arquitetura-simplificada-do-kyc\\\/#breadcrumb\",\"itemListElement\":[{\"@type\":\"ListItem\",\"position\":1,\"name\":\"In\u00edcio\",\"item\":\"https:\\\/\\\/mav.tec.br\\\/kyc\\\/\"},{\"@type\":\"ListItem\",\"position\":2,\"name\":\"Arquitetura simplificada do Kyc?\"}]},{\"@type\":\"WebSite\",\"@id\":\"https:\\\/\\\/mav.tec.br\\\/kyc\\\/#website\",\"url\":\"https:\\\/\\\/mav.tec.br\\\/kyc\\\/\",\"name\":\"Conhe\u00e7a o seu Cliente\",\"description\":\"Existem apenas dois motivos para algu\u00e9m comprar: necessidade ou desejo. Quem foca na necessidade sobrevive, mas quem domina os desejos dos clientes alcan\u00e7a o verdadeiro sucesso.\",\"publisher\":{\"@id\":\"https:\\\/\\\/mav.tec.br\\\/kyc\\\/#organization\"},\"potentialAction\":[{\"@type\":\"SearchAction\",\"target\":{\"@type\":\"EntryPoint\",\"urlTemplate\":\"https:\\\/\\\/mav.tec.br\\\/kyc\\\/?s={search_term_string}\"},\"query-input\":{\"@type\":\"PropertyValueSpecification\",\"valueRequired\":true,\"valueName\":\"search_term_string\"}}],\"inLanguage\":\"pt-BR\"},{\"@type\":\"Organization\",\"@id\":\"https:\\\/\\\/mav.tec.br\\\/kyc\\\/#organization\",\"name\":\"Kyc?\",\"url\":\"https:\\\/\\\/mav.tec.br\\\/kyc\\\/\",\"logo\":{\"@type\":\"ImageObject\",\"inLanguage\":\"pt-BR\",\"@id\":\"https:\\\/\\\/mav.tec.br\\\/kyc\\\/#\\\/schema\\\/logo\\\/image\\\/\",\"url\":\"https:\\\/\\\/mav.tec.br\\\/kyc\\\/wp-content\\\/uploads\\\/2024\\\/08\\\/cropped-KYC-1.png\",\"contentUrl\":\"https:\\\/\\\/mav.tec.br\\\/kyc\\\/wp-content\\\/uploads\\\/2024\\\/08\\\/cropped-KYC-1.png\",\"width\":512,\"height\":512,\"caption\":\"Kyc?\"},\"image\":{\"@id\":\"https:\\\/\\\/mav.tec.br\\\/kyc\\\/#\\\/schema\\\/logo\\\/image\\\/\"}}]}<\/script>\n<!-- \/ Yoast SEO plugin. -->","yoast_head_json":{"title":"Arquitetura simplificada do Kyc? -","robots":{"index":"index","follow":"follow","max-snippet":"max-snippet:-1","max-image-preview":"max-image-preview:large","max-video-preview":"max-video-preview:-1"},"canonical":"https:\/\/mav.tec.br\/kyc\/arquitetura-simplificada-do-kyc\/","og_locale":"pt_BR","og_type":"article","og_title":"Arquitetura simplificada do Kyc? -","og_description":"A plataforma Kyc? \u00e9 composta de um aplicativo na nuvem (provedor UOL Host) e um motor de processamento em backoffice, os dados s\u00e3o armazenados em 2 cofres seguros com acesso restrito, o principal onde os dados s\u00e3o trabalhados e um segundo de backup onde os dados s\u00e3o uma c\u00f3pia atualizada. Views: 8","og_url":"https:\/\/mav.tec.br\/kyc\/arquitetura-simplificada-do-kyc\/","article_modified_time":"2024-09-19T22:21:47+00:00","og_image":[{"width":1358,"height":1150,"url":"https:\/\/mav.tec.br\/kyc\/wp-content\/uploads\/2024\/09\/arquitetura.jpg","type":"image\/jpeg"}],"twitter_card":"summary_large_image","twitter_misc":{"Est. tempo de leitura":"1 minuto"},"schema":{"@context":"https:\/\/schema.org","@graph":[{"@type":"WebPage","@id":"https:\/\/mav.tec.br\/kyc\/arquitetura-simplificada-do-kyc\/","url":"https:\/\/mav.tec.br\/kyc\/arquitetura-simplificada-do-kyc\/","name":"Arquitetura simplificada do Kyc? -","isPartOf":{"@id":"https:\/\/mav.tec.br\/kyc\/#website"},"primaryImageOfPage":{"@id":"https:\/\/mav.tec.br\/kyc\/arquitetura-simplificada-do-kyc\/#primaryimage"},"image":{"@id":"https:\/\/mav.tec.br\/kyc\/arquitetura-simplificada-do-kyc\/#primaryimage"},"thumbnailUrl":"https:\/\/mav.tec.br\/kyc\/wp-content\/uploads\/2024\/09\/arquitetura.jpg","datePublished":"2024-09-19T22:07:48+00:00","dateModified":"2024-09-19T22:21:47+00:00","breadcrumb":{"@id":"https:\/\/mav.tec.br\/kyc\/arquitetura-simplificada-do-kyc\/#breadcrumb"},"inLanguage":"pt-BR","potentialAction":[{"@type":"ReadAction","target":["https:\/\/mav.tec.br\/kyc\/arquitetura-simplificada-do-kyc\/"]}]},{"@type":"ImageObject","inLanguage":"pt-BR","@id":"https:\/\/mav.tec.br\/kyc\/arquitetura-simplificada-do-kyc\/#primaryimage","url":"https:\/\/mav.tec.br\/kyc\/wp-content\/uploads\/2024\/09\/arquitetura.jpg","contentUrl":"https:\/\/mav.tec.br\/kyc\/wp-content\/uploads\/2024\/09\/arquitetura.jpg","width":1358,"height":1150},{"@type":"BreadcrumbList","@id":"https:\/\/mav.tec.br\/kyc\/arquitetura-simplificada-do-kyc\/#breadcrumb","itemListElement":[{"@type":"ListItem","position":1,"name":"In\u00edcio","item":"https:\/\/mav.tec.br\/kyc\/"},{"@type":"ListItem","position":2,"name":"Arquitetura simplificada do Kyc?"}]},{"@type":"WebSite","@id":"https:\/\/mav.tec.br\/kyc\/#website","url":"https:\/\/mav.tec.br\/kyc\/","name":"Conhe\u00e7a o seu Cliente","description":"Existem apenas dois motivos para algu\u00e9m comprar: necessidade ou desejo. Quem foca na necessidade sobrevive, mas quem domina os desejos dos clientes alcan\u00e7a o verdadeiro sucesso.","publisher":{"@id":"https:\/\/mav.tec.br\/kyc\/#organization"},"potentialAction":[{"@type":"SearchAction","target":{"@type":"EntryPoint","urlTemplate":"https:\/\/mav.tec.br\/kyc\/?s={search_term_string}"},"query-input":{"@type":"PropertyValueSpecification","valueRequired":true,"valueName":"search_term_string"}}],"inLanguage":"pt-BR"},{"@type":"Organization","@id":"https:\/\/mav.tec.br\/kyc\/#organization","name":"Kyc?","url":"https:\/\/mav.tec.br\/kyc\/","logo":{"@type":"ImageObject","inLanguage":"pt-BR","@id":"https:\/\/mav.tec.br\/kyc\/#\/schema\/logo\/image\/","url":"https:\/\/mav.tec.br\/kyc\/wp-content\/uploads\/2024\/08\/cropped-KYC-1.png","contentUrl":"https:\/\/mav.tec.br\/kyc\/wp-content\/uploads\/2024\/08\/cropped-KYC-1.png","width":512,"height":512,"caption":"Kyc?"},"image":{"@id":"https:\/\/mav.tec.br\/kyc\/#\/schema\/logo\/image\/"}}]}},"_links":{"self":[{"href":"https:\/\/mav.tec.br\/kyc\/wp-json\/wp\/v2\/pages\/419","targetHints":{"allow":["GET"]}}],"collection":[{"href":"https:\/\/mav.tec.br\/kyc\/wp-json\/wp\/v2\/pages"}],"about":[{"href":"https:\/\/mav.tec.br\/kyc\/wp-json\/wp\/v2\/types\/page"}],"author":[{"embeddable":true,"href":"https:\/\/mav.tec.br\/kyc\/wp-json\/wp\/v2\/users\/3"}],"replies":[{"embeddable":true,"href":"https:\/\/mav.tec.br\/kyc\/wp-json\/wp\/v2\/comments?post=419"}],"version-history":[{"count":4,"href":"https:\/\/mav.tec.br\/kyc\/wp-json\/wp\/v2\/pages\/419\/revisions"}],"predecessor-version":[{"id":427,"href":"https:\/\/mav.tec.br\/kyc\/wp-json\/wp\/v2\/pages\/419\/revisions\/427"}],"wp:featuredmedia":[{"embeddable":true,"href":"https:\/\/mav.tec.br\/kyc\/wp-json\/wp\/v2\/media\/420"}],"wp:attachment":[{"href":"https:\/\/mav.tec.br\/kyc\/wp-json\/wp\/v2\/media?parent=419"}],"curies":[{"name":"wp","href":"https:\/\/api.w.org\/{rel}","templated":true}]}}