{"id":477,"date":"2024-09-24T15:28:44","date_gmt":"2024-09-24T18:28:44","guid":{"rendered":"https:\/\/mav.tec.br\/kyc\/?page_id=477"},"modified":"2026-02-24T15:33:11","modified_gmt":"2026-02-24T18:33:11","slug":"estudo-mais-apurado-comportamento-dos-clientes","status":"publish","type":"page","link":"https:\/\/mav.tec.br\/kyc\/estudo-mais-apurado-comportamento-dos-clientes\/","title":{"rendered":"\u00c9 poss\u00edvel fazer um estudo mais apurado do comportamento dos clientes? Sim \u00e9."},"content":{"rendered":"\n<p><strong><em><span style=\"font-size: 16px;\">Adapte a plataforma ao seu nicho utilizando palavras-chave nos coment\u00e1rios. Essa combina\u00e7\u00e3o transforma dados brutos em relat\u00f3rios personalizados, permitindo que voc\u00ea conhe\u00e7a profundamente o perfil e os h\u00e1bitos de cada cliente.<\/span><\/em><\/strong><\/p>\n\n\n\n<!--more-->\n\n\n\n<p data-path-to-node=\"8,0\">Seja para distinguir consumidores de produtos de baixa ou alta margem (como cigarros vs. charutos), ou para mapear o perfil de g\u00eanero e prefer\u00eancia em uma adega, a plataforma <b data-path-to-node=\"8,0\" data-index-in-node=\"176\">KYC<\/b> transforma palavras-chave em dados estrat\u00e9gicos.<\/p>\n<p data-path-to-node=\"8,1\">Ao configurar termos como &#8216;tinto&#8217;, &#8216;branco&#8217;, &#8216;masculino&#8217; ou &#8216;feminino&#8217; nos coment\u00e1rios, o sistema processa as informa\u00e7\u00f5es e gera relat\u00f3rios personalizados, permitindo que o empreendedor tome decis\u00f5es baseadas em dados reais de consumo.<\/p>\n<p><a href=\"https:\/\/mav.tec.br\/kyc\/wp-content\/uploads\/2024\/09\/loja-de-vinho.jpeg\" target=\"_blank\" rel=\"noopener\"><img fetchpriority=\"high\" decoding=\"async\" class=\"aligncenter wp-image-479 size-large\" src=\"https:\/\/mav.tec.br\/kyc\/wp-content\/uploads\/2024\/09\/loja-de-vinho-461x1024.jpeg\" alt=\"\" width=\"461\" height=\"1024\" srcset=\"https:\/\/mav.tec.br\/kyc\/wp-content\/uploads\/2024\/09\/loja-de-vinho-461x1024.jpeg 461w, https:\/\/mav.tec.br\/kyc\/wp-content\/uploads\/2024\/09\/loja-de-vinho-135x300.jpeg 135w, https:\/\/mav.tec.br\/kyc\/wp-content\/uploads\/2024\/09\/loja-de-vinho-691x1536.jpeg 691w, https:\/\/mav.tec.br\/kyc\/wp-content\/uploads\/2024\/09\/loja-de-vinho.jpeg 720w\" sizes=\"(max-width: 461px) 100vw, 461px\" \/><\/a><\/p>\n<p>A plataforma gera relat\u00f3rios personalizados para cada empreendedor. Neste exemplo, ao selecionar a categoria &#8216;vinho tinto&#8217;, o sistema utiliza dados de g\u00eanero e prefer\u00eancia para segmentar e qualificar os convites de um evento.<\/p>\n<p>\u00a0<\/p>\n<p>Views: 4<\/p><div id=\"advads-318938111\" class=\"advads-depois-do-conteudo advads-entity-placement\" style=\"margin-left: auto;margin-right: auto;text-align: center;\"><a href=\"https:\/\/mav.tec.br\/kyc\/promocao\/\" aria-label=\"anuncio promo 3 meses\"><img src=\"https:\/\/mav.tec.br\/kyc\/wp-content\/uploads\/2024\/09\/anuncio-promo-3-meses-e1729090425995.jpg\" alt=\"\"  width=\"800\" height=\"202\"   \/><\/a><\/div>","protected":false},"excerpt":{"rendered":"<p>Adapte a plataforma ao seu nicho utilizando palavras-chave nos coment\u00e1rios. Essa combina\u00e7\u00e3o transforma dados brutos em relat\u00f3rios personalizados, permitindo que voc\u00ea conhe\u00e7a profundamente o perfil e os h\u00e1bitos de cada cliente. Views: 4<\/p>\n","protected":false},"author":3,"featured_media":0,"parent":0,"menu_order":0,"comment_status":"closed","ping_status":"closed","template":"","meta":{"footnotes":""},"class_list":["post-477","page","type-page","status-publish","hentry"],"yoast_head":"<!-- This site is optimized with the Yoast SEO plugin v27.4 - https:\/\/yoast.com\/product\/yoast-seo-wordpress\/ -->\n<title>\u00c9 poss\u00edvel fazer um estudo mais apurado do comportamento dos clientes? Sim \u00e9. -<\/title>\n<meta name=\"description\" content=\"Cada empreendedor pode ter suas necessidades especificas para entender seus clientes, isso pode ser resolvido com palavras chaves no ment\u00e1rio.\" \/>\n<meta name=\"robots\" content=\"index, follow, max-snippet:-1, max-image-preview:large, max-video-preview:-1\" \/>\n<link rel=\"canonical\" href=\"https:\/\/mav.tec.br\/kyc\/estudo-mais-apurado-comportamento-dos-clientes\/\" \/>\n<meta property=\"og:locale\" content=\"pt_BR\" \/>\n<meta property=\"og:type\" content=\"article\" \/>\n<meta property=\"og:title\" content=\"\u00c9 poss\u00edvel fazer um estudo mais apurado do comportamento dos clientes? Sim \u00e9. -\" \/>\n<meta property=\"og:description\" content=\"Cada empreendedor pode ter suas necessidades especificas para entender seus clientes, isso pode ser resolvido com palavras chaves no ment\u00e1rio.\" \/>\n<meta property=\"og:url\" content=\"https:\/\/mav.tec.br\/kyc\/estudo-mais-apurado-comportamento-dos-clientes\/\" \/>\n<meta property=\"article:modified_time\" content=\"2026-02-24T18:33:11+00:00\" \/>\n<meta property=\"og:image\" content=\"https:\/\/mav.tec.br\/kyc\/wp-content\/uploads\/2024\/09\/loja-de-vinho.jpeg\" \/>\n\t<meta property=\"og:image:width\" content=\"720\" \/>\n\t<meta property=\"og:image:height\" content=\"1600\" \/>\n\t<meta property=\"og:image:type\" content=\"image\/jpeg\" \/>\n<meta name=\"twitter:card\" content=\"summary_large_image\" \/>\n<meta name=\"twitter:label1\" content=\"Est. tempo de leitura\" \/>\n\t<meta name=\"twitter:data1\" content=\"1 minuto\" \/>\n<script type=\"application\/ld+json\" class=\"yoast-schema-graph\">{\"@context\":\"https:\\\/\\\/schema.org\",\"@graph\":[{\"@type\":\"WebPage\",\"@id\":\"https:\\\/\\\/mav.tec.br\\\/kyc\\\/estudo-mais-apurado-comportamento-dos-clientes\\\/\",\"url\":\"https:\\\/\\\/mav.tec.br\\\/kyc\\\/estudo-mais-apurado-comportamento-dos-clientes\\\/\",\"name\":\"\u00c9 poss\u00edvel fazer um estudo mais apurado do comportamento dos clientes? Sim \u00e9. -\",\"isPartOf\":{\"@id\":\"https:\\\/\\\/mav.tec.br\\\/kyc\\\/#website\"},\"primaryImageOfPage\":{\"@id\":\"https:\\\/\\\/mav.tec.br\\\/kyc\\\/estudo-mais-apurado-comportamento-dos-clientes\\\/#primaryimage\"},\"image\":{\"@id\":\"https:\\\/\\\/mav.tec.br\\\/kyc\\\/estudo-mais-apurado-comportamento-dos-clientes\\\/#primaryimage\"},\"thumbnailUrl\":\"https:\\\/\\\/mav.tec.br\\\/kyc\\\/wp-content\\\/uploads\\\/2024\\\/09\\\/loja-de-vinho-461x1024.jpeg\",\"datePublished\":\"2024-09-24T18:28:44+00:00\",\"dateModified\":\"2026-02-24T18:33:11+00:00\",\"description\":\"Cada empreendedor pode ter suas necessidades especificas para entender seus clientes, isso pode ser resolvido com palavras chaves no ment\u00e1rio.\",\"breadcrumb\":{\"@id\":\"https:\\\/\\\/mav.tec.br\\\/kyc\\\/estudo-mais-apurado-comportamento-dos-clientes\\\/#breadcrumb\"},\"inLanguage\":\"pt-BR\",\"potentialAction\":[{\"@type\":\"ReadAction\",\"target\":[\"https:\\\/\\\/mav.tec.br\\\/kyc\\\/estudo-mais-apurado-comportamento-dos-clientes\\\/\"]}]},{\"@type\":\"ImageObject\",\"inLanguage\":\"pt-BR\",\"@id\":\"https:\\\/\\\/mav.tec.br\\\/kyc\\\/estudo-mais-apurado-comportamento-dos-clientes\\\/#primaryimage\",\"url\":\"https:\\\/\\\/mav.tec.br\\\/kyc\\\/wp-content\\\/uploads\\\/2024\\\/09\\\/loja-de-vinho.jpeg\",\"contentUrl\":\"https:\\\/\\\/mav.tec.br\\\/kyc\\\/wp-content\\\/uploads\\\/2024\\\/09\\\/loja-de-vinho.jpeg\",\"width\":720,\"height\":1600},{\"@type\":\"BreadcrumbList\",\"@id\":\"https:\\\/\\\/mav.tec.br\\\/kyc\\\/estudo-mais-apurado-comportamento-dos-clientes\\\/#breadcrumb\",\"itemListElement\":[{\"@type\":\"ListItem\",\"position\":1,\"name\":\"In\u00edcio\",\"item\":\"https:\\\/\\\/mav.tec.br\\\/kyc\\\/\"},{\"@type\":\"ListItem\",\"position\":2,\"name\":\"\u00c9 poss\u00edvel fazer um estudo mais apurado do comportamento dos clientes? Sim \u00e9.\"}]},{\"@type\":\"WebSite\",\"@id\":\"https:\\\/\\\/mav.tec.br\\\/kyc\\\/#website\",\"url\":\"https:\\\/\\\/mav.tec.br\\\/kyc\\\/\",\"name\":\"Conhe\u00e7a o seu Cliente\",\"description\":\"Existem apenas dois motivos para algu\u00e9m comprar: necessidade ou desejo. Quem foca na necessidade sobrevive, mas quem domina os desejos dos clientes alcan\u00e7a o verdadeiro sucesso.\",\"publisher\":{\"@id\":\"https:\\\/\\\/mav.tec.br\\\/kyc\\\/#organization\"},\"potentialAction\":[{\"@type\":\"SearchAction\",\"target\":{\"@type\":\"EntryPoint\",\"urlTemplate\":\"https:\\\/\\\/mav.tec.br\\\/kyc\\\/?s={search_term_string}\"},\"query-input\":{\"@type\":\"PropertyValueSpecification\",\"valueRequired\":true,\"valueName\":\"search_term_string\"}}],\"inLanguage\":\"pt-BR\"},{\"@type\":\"Organization\",\"@id\":\"https:\\\/\\\/mav.tec.br\\\/kyc\\\/#organization\",\"name\":\"Kyc?\",\"url\":\"https:\\\/\\\/mav.tec.br\\\/kyc\\\/\",\"logo\":{\"@type\":\"ImageObject\",\"inLanguage\":\"pt-BR\",\"@id\":\"https:\\\/\\\/mav.tec.br\\\/kyc\\\/#\\\/schema\\\/logo\\\/image\\\/\",\"url\":\"https:\\\/\\\/mav.tec.br\\\/kyc\\\/wp-content\\\/uploads\\\/2024\\\/08\\\/cropped-KYC-1.png\",\"contentUrl\":\"https:\\\/\\\/mav.tec.br\\\/kyc\\\/wp-content\\\/uploads\\\/2024\\\/08\\\/cropped-KYC-1.png\",\"width\":512,\"height\":512,\"caption\":\"Kyc?\"},\"image\":{\"@id\":\"https:\\\/\\\/mav.tec.br\\\/kyc\\\/#\\\/schema\\\/logo\\\/image\\\/\"}}]}<\/script>\n<!-- \/ Yoast SEO plugin. -->","yoast_head_json":{"title":"\u00c9 poss\u00edvel fazer um estudo mais apurado do comportamento dos clientes? Sim \u00e9. -","description":"Cada empreendedor pode ter suas necessidades especificas para entender seus clientes, isso pode ser resolvido com palavras chaves no ment\u00e1rio.","robots":{"index":"index","follow":"follow","max-snippet":"max-snippet:-1","max-image-preview":"max-image-preview:large","max-video-preview":"max-video-preview:-1"},"canonical":"https:\/\/mav.tec.br\/kyc\/estudo-mais-apurado-comportamento-dos-clientes\/","og_locale":"pt_BR","og_type":"article","og_title":"\u00c9 poss\u00edvel fazer um estudo mais apurado do comportamento dos clientes? Sim \u00e9. -","og_description":"Cada empreendedor pode ter suas necessidades especificas para entender seus clientes, isso pode ser resolvido com palavras chaves no ment\u00e1rio.","og_url":"https:\/\/mav.tec.br\/kyc\/estudo-mais-apurado-comportamento-dos-clientes\/","article_modified_time":"2026-02-24T18:33:11+00:00","og_image":[{"width":720,"height":1600,"url":"https:\/\/mav.tec.br\/kyc\/wp-content\/uploads\/2024\/09\/loja-de-vinho.jpeg","type":"image\/jpeg"}],"twitter_card":"summary_large_image","twitter_misc":{"Est. tempo de leitura":"1 minuto"},"schema":{"@context":"https:\/\/schema.org","@graph":[{"@type":"WebPage","@id":"https:\/\/mav.tec.br\/kyc\/estudo-mais-apurado-comportamento-dos-clientes\/","url":"https:\/\/mav.tec.br\/kyc\/estudo-mais-apurado-comportamento-dos-clientes\/","name":"\u00c9 poss\u00edvel fazer um estudo mais apurado do comportamento dos clientes? Sim \u00e9. -","isPartOf":{"@id":"https:\/\/mav.tec.br\/kyc\/#website"},"primaryImageOfPage":{"@id":"https:\/\/mav.tec.br\/kyc\/estudo-mais-apurado-comportamento-dos-clientes\/#primaryimage"},"image":{"@id":"https:\/\/mav.tec.br\/kyc\/estudo-mais-apurado-comportamento-dos-clientes\/#primaryimage"},"thumbnailUrl":"https:\/\/mav.tec.br\/kyc\/wp-content\/uploads\/2024\/09\/loja-de-vinho-461x1024.jpeg","datePublished":"2024-09-24T18:28:44+00:00","dateModified":"2026-02-24T18:33:11+00:00","description":"Cada empreendedor pode ter suas necessidades especificas para entender seus clientes, isso pode ser resolvido com palavras chaves no ment\u00e1rio.","breadcrumb":{"@id":"https:\/\/mav.tec.br\/kyc\/estudo-mais-apurado-comportamento-dos-clientes\/#breadcrumb"},"inLanguage":"pt-BR","potentialAction":[{"@type":"ReadAction","target":["https:\/\/mav.tec.br\/kyc\/estudo-mais-apurado-comportamento-dos-clientes\/"]}]},{"@type":"ImageObject","inLanguage":"pt-BR","@id":"https:\/\/mav.tec.br\/kyc\/estudo-mais-apurado-comportamento-dos-clientes\/#primaryimage","url":"https:\/\/mav.tec.br\/kyc\/wp-content\/uploads\/2024\/09\/loja-de-vinho.jpeg","contentUrl":"https:\/\/mav.tec.br\/kyc\/wp-content\/uploads\/2024\/09\/loja-de-vinho.jpeg","width":720,"height":1600},{"@type":"BreadcrumbList","@id":"https:\/\/mav.tec.br\/kyc\/estudo-mais-apurado-comportamento-dos-clientes\/#breadcrumb","itemListElement":[{"@type":"ListItem","position":1,"name":"In\u00edcio","item":"https:\/\/mav.tec.br\/kyc\/"},{"@type":"ListItem","position":2,"name":"\u00c9 poss\u00edvel fazer um estudo mais apurado do comportamento dos clientes? Sim \u00e9."}]},{"@type":"WebSite","@id":"https:\/\/mav.tec.br\/kyc\/#website","url":"https:\/\/mav.tec.br\/kyc\/","name":"Conhe\u00e7a o seu Cliente","description":"Existem apenas dois motivos para algu\u00e9m comprar: necessidade ou desejo. Quem foca na necessidade sobrevive, mas quem domina os desejos dos clientes alcan\u00e7a o verdadeiro sucesso.","publisher":{"@id":"https:\/\/mav.tec.br\/kyc\/#organization"},"potentialAction":[{"@type":"SearchAction","target":{"@type":"EntryPoint","urlTemplate":"https:\/\/mav.tec.br\/kyc\/?s={search_term_string}"},"query-input":{"@type":"PropertyValueSpecification","valueRequired":true,"valueName":"search_term_string"}}],"inLanguage":"pt-BR"},{"@type":"Organization","@id":"https:\/\/mav.tec.br\/kyc\/#organization","name":"Kyc?","url":"https:\/\/mav.tec.br\/kyc\/","logo":{"@type":"ImageObject","inLanguage":"pt-BR","@id":"https:\/\/mav.tec.br\/kyc\/#\/schema\/logo\/image\/","url":"https:\/\/mav.tec.br\/kyc\/wp-content\/uploads\/2024\/08\/cropped-KYC-1.png","contentUrl":"https:\/\/mav.tec.br\/kyc\/wp-content\/uploads\/2024\/08\/cropped-KYC-1.png","width":512,"height":512,"caption":"Kyc?"},"image":{"@id":"https:\/\/mav.tec.br\/kyc\/#\/schema\/logo\/image\/"}}]}},"_links":{"self":[{"href":"https:\/\/mav.tec.br\/kyc\/wp-json\/wp\/v2\/pages\/477","targetHints":{"allow":["GET"]}}],"collection":[{"href":"https:\/\/mav.tec.br\/kyc\/wp-json\/wp\/v2\/pages"}],"about":[{"href":"https:\/\/mav.tec.br\/kyc\/wp-json\/wp\/v2\/types\/page"}],"author":[{"embeddable":true,"href":"https:\/\/mav.tec.br\/kyc\/wp-json\/wp\/v2\/users\/3"}],"replies":[{"embeddable":true,"href":"https:\/\/mav.tec.br\/kyc\/wp-json\/wp\/v2\/comments?post=477"}],"version-history":[{"count":7,"href":"https:\/\/mav.tec.br\/kyc\/wp-json\/wp\/v2\/pages\/477\/revisions"}],"predecessor-version":[{"id":816,"href":"https:\/\/mav.tec.br\/kyc\/wp-json\/wp\/v2\/pages\/477\/revisions\/816"}],"wp:attachment":[{"href":"https:\/\/mav.tec.br\/kyc\/wp-json\/wp\/v2\/media?parent=477"}],"curies":[{"name":"wp","href":"https:\/\/api.w.org\/{rel}","templated":true}]}}