{"id":727,"date":"2024-10-16T12:55:19","date_gmt":"2024-10-16T15:55:19","guid":{"rendered":"https:\/\/mav.tec.br\/kyc\/?page_id=727"},"modified":"2024-10-16T12:56:38","modified_gmt":"2024-10-16T15:56:38","slug":"meus-dados-estarao-seguros","status":"publish","type":"page","link":"https:\/\/mav.tec.br\/kyc\/meus-dados-estarao-seguros\/","title":{"rendered":"Meus dados estar\u00e3o seguros?"},"content":{"rendered":"\n<h4>Sim, os dados dos clientes coletados de cada usu\u00e1rio da plataforma Kyc? estar\u00e3o seguros e n\u00e3o ser\u00e3o compartilhados.<\/h4>\n\n\n\n<!--more-->\n\n\n\n<p><span style=\"font-size: 20px;\">Os dados coletados n\u00e3o ficam na \u201cnuvem\u201d, sujeitos a serem hackeados, eventualmente.<\/span><\/p>\n<p><span style=\"font-size: 20px;\">Esses dados s\u00e3o \u201cbaixados\u201d para os servidores locais e ser\u00e3o armazenados em cofres seguros criptografados.<\/span><\/p>\n<p><span style=\"font-size: 20px;\">S\u00e3o 2 cofres, um do processamento regular e outro de backup.<\/span><\/p>\n<p><span style=\"font-size: 20px;\">O processamento da intelig\u00eancia do Kyc? \u00e9 feito em um servidor local havendo um servidor backup em caso de necessidade.<\/span><\/p>\n<p><span style=\"font-size: 20px;\">A plataforma Kyc? trabalha off-line gerando informa\u00e7\u00f5es e reportando apenas os resultados, assim os dados n\u00e3o ficam expostos.<\/span><\/p>\n<p><span style=\"font-size: 20px;\">O objetivo da plataforma \u00e9 tramalhar com dados hist\u00f3ricos, analisar e produzir informa\u00e7\u00f5es \u00fateis para tomada de decis\u00e3o.<\/span><\/p>\n<p><span style=\"font-size: 20px;\">No nosso acordo de presta\u00e7\u00e3o de servi\u00e7os, temos o compromisso de n\u00e3o compartilhar informa\u00e7\u00f5es de clientes entre nossos usu\u00e1rios, n\u00e3o vender dados ou utiliz\u00e1-los em nosso benef\u00edcio.<\/span><\/p>\n<p><span style=\"font-size: 20px;\">A prote\u00e7\u00e3o dos dados segue orienta\u00e7\u00e3o da LGPD e com parceria com a <a href=\"https:\/\/bemav.com.br\/home\/\" target=\"_blank\" rel=\"noopener\">be.MAV<\/a> que atua com preven\u00e7\u00e3o a fraudes e seguran\u00e7a da informa\u00e7\u00e3o que \u00e9 a empresa que teve a iniciativa desse projeto.<\/span><\/p>\n<p>Views: 2<\/p><div id=\"advads-919564201\" class=\"advads-depois-do-conteudo advads-entity-placement\" style=\"margin-left: auto;margin-right: auto;text-align: center;\"><a href=\"https:\/\/mav.tec.br\/kyc\/promocao\/\" aria-label=\"anuncio promo 3 meses\"><img src=\"https:\/\/mav.tec.br\/kyc\/wp-content\/uploads\/2024\/09\/anuncio-promo-3-meses-e1729090425995.jpg\" alt=\"\"  width=\"800\" height=\"202\"   \/><\/a><\/div>","protected":false},"excerpt":{"rendered":"<p>Sim, os dados dos clientes coletados de cada usu\u00e1rio da plataforma Kyc? estar\u00e3o seguros e n\u00e3o ser\u00e3o compartilhados. Views: 2<\/p>\n","protected":false},"author":3,"featured_media":711,"parent":0,"menu_order":0,"comment_status":"closed","ping_status":"closed","template":"","meta":{"footnotes":""},"class_list":["post-727","page","type-page","status-publish","has-post-thumbnail","hentry"],"yoast_head":"<!-- This site is optimized with the Yoast SEO plugin v27.4 - https:\/\/yoast.com\/product\/yoast-seo-wordpress\/ -->\n<title>Meus dados estar\u00e3o seguros? -<\/title>\n<meta name=\"description\" content=\"Sim, os dados dos clientes coletados de cada usu\u00e1rio da plataforma Kyc? estar\u00e3o seguros e n\u00e3o ser\u00e3o compartilhados.\" \/>\n<meta name=\"robots\" content=\"index, follow, max-snippet:-1, max-image-preview:large, max-video-preview:-1\" \/>\n<link rel=\"canonical\" href=\"https:\/\/mav.tec.br\/kyc\/meus-dados-estarao-seguros\/\" \/>\n<meta property=\"og:locale\" content=\"pt_BR\" \/>\n<meta property=\"og:type\" content=\"article\" \/>\n<meta property=\"og:title\" content=\"Meus dados estar\u00e3o seguros? -\" \/>\n<meta property=\"og:description\" content=\"Sim, os dados dos clientes coletados de cada usu\u00e1rio da plataforma Kyc? estar\u00e3o seguros e n\u00e3o ser\u00e3o compartilhados.\" \/>\n<meta property=\"og:url\" content=\"https:\/\/mav.tec.br\/kyc\/meus-dados-estarao-seguros\/\" \/>\n<meta property=\"article:modified_time\" content=\"2024-10-16T15:56:38+00:00\" \/>\n<meta property=\"og:image\" content=\"https:\/\/mav.tec.br\/kyc\/wp-content\/uploads\/2024\/10\/cybersecurity.jpg\" \/>\n\t<meta property=\"og:image:width\" content=\"1200\" \/>\n\t<meta property=\"og:image:height\" content=\"628\" \/>\n\t<meta property=\"og:image:type\" content=\"image\/jpeg\" \/>\n<meta name=\"twitter:card\" content=\"summary_large_image\" \/>\n<meta name=\"twitter:label1\" content=\"Est. tempo de leitura\" \/>\n\t<meta name=\"twitter:data1\" content=\"2 minutos\" \/>\n<script type=\"application\/ld+json\" class=\"yoast-schema-graph\">{\"@context\":\"https:\\\/\\\/schema.org\",\"@graph\":[{\"@type\":\"WebPage\",\"@id\":\"https:\\\/\\\/mav.tec.br\\\/kyc\\\/meus-dados-estarao-seguros\\\/\",\"url\":\"https:\\\/\\\/mav.tec.br\\\/kyc\\\/meus-dados-estarao-seguros\\\/\",\"name\":\"Meus dados estar\u00e3o seguros? -\",\"isPartOf\":{\"@id\":\"https:\\\/\\\/mav.tec.br\\\/kyc\\\/#website\"},\"primaryImageOfPage\":{\"@id\":\"https:\\\/\\\/mav.tec.br\\\/kyc\\\/meus-dados-estarao-seguros\\\/#primaryimage\"},\"image\":{\"@id\":\"https:\\\/\\\/mav.tec.br\\\/kyc\\\/meus-dados-estarao-seguros\\\/#primaryimage\"},\"thumbnailUrl\":\"https:\\\/\\\/mav.tec.br\\\/kyc\\\/wp-content\\\/uploads\\\/2024\\\/10\\\/cybersecurity.jpg\",\"datePublished\":\"2024-10-16T15:55:19+00:00\",\"dateModified\":\"2024-10-16T15:56:38+00:00\",\"description\":\"Sim, os dados dos clientes coletados de cada usu\u00e1rio da plataforma Kyc? estar\u00e3o seguros e n\u00e3o ser\u00e3o compartilhados.\",\"breadcrumb\":{\"@id\":\"https:\\\/\\\/mav.tec.br\\\/kyc\\\/meus-dados-estarao-seguros\\\/#breadcrumb\"},\"inLanguage\":\"pt-BR\",\"potentialAction\":[{\"@type\":\"ReadAction\",\"target\":[\"https:\\\/\\\/mav.tec.br\\\/kyc\\\/meus-dados-estarao-seguros\\\/\"]}]},{\"@type\":\"ImageObject\",\"inLanguage\":\"pt-BR\",\"@id\":\"https:\\\/\\\/mav.tec.br\\\/kyc\\\/meus-dados-estarao-seguros\\\/#primaryimage\",\"url\":\"https:\\\/\\\/mav.tec.br\\\/kyc\\\/wp-content\\\/uploads\\\/2024\\\/10\\\/cybersecurity.jpg\",\"contentUrl\":\"https:\\\/\\\/mav.tec.br\\\/kyc\\\/wp-content\\\/uploads\\\/2024\\\/10\\\/cybersecurity.jpg\",\"width\":1200,\"height\":628},{\"@type\":\"BreadcrumbList\",\"@id\":\"https:\\\/\\\/mav.tec.br\\\/kyc\\\/meus-dados-estarao-seguros\\\/#breadcrumb\",\"itemListElement\":[{\"@type\":\"ListItem\",\"position\":1,\"name\":\"In\u00edcio\",\"item\":\"https:\\\/\\\/mav.tec.br\\\/kyc\\\/\"},{\"@type\":\"ListItem\",\"position\":2,\"name\":\"Meus dados estar\u00e3o seguros?\"}]},{\"@type\":\"WebSite\",\"@id\":\"https:\\\/\\\/mav.tec.br\\\/kyc\\\/#website\",\"url\":\"https:\\\/\\\/mav.tec.br\\\/kyc\\\/\",\"name\":\"Conhe\u00e7a o seu Cliente\",\"description\":\"Existem apenas dois motivos para algu\u00e9m comprar: necessidade ou desejo. Quem foca na necessidade sobrevive, mas quem domina os desejos dos clientes alcan\u00e7a o verdadeiro sucesso.\",\"publisher\":{\"@id\":\"https:\\\/\\\/mav.tec.br\\\/kyc\\\/#organization\"},\"potentialAction\":[{\"@type\":\"SearchAction\",\"target\":{\"@type\":\"EntryPoint\",\"urlTemplate\":\"https:\\\/\\\/mav.tec.br\\\/kyc\\\/?s={search_term_string}\"},\"query-input\":{\"@type\":\"PropertyValueSpecification\",\"valueRequired\":true,\"valueName\":\"search_term_string\"}}],\"inLanguage\":\"pt-BR\"},{\"@type\":\"Organization\",\"@id\":\"https:\\\/\\\/mav.tec.br\\\/kyc\\\/#organization\",\"name\":\"Kyc?\",\"url\":\"https:\\\/\\\/mav.tec.br\\\/kyc\\\/\",\"logo\":{\"@type\":\"ImageObject\",\"inLanguage\":\"pt-BR\",\"@id\":\"https:\\\/\\\/mav.tec.br\\\/kyc\\\/#\\\/schema\\\/logo\\\/image\\\/\",\"url\":\"https:\\\/\\\/mav.tec.br\\\/kyc\\\/wp-content\\\/uploads\\\/2024\\\/08\\\/cropped-KYC-1.png\",\"contentUrl\":\"https:\\\/\\\/mav.tec.br\\\/kyc\\\/wp-content\\\/uploads\\\/2024\\\/08\\\/cropped-KYC-1.png\",\"width\":512,\"height\":512,\"caption\":\"Kyc?\"},\"image\":{\"@id\":\"https:\\\/\\\/mav.tec.br\\\/kyc\\\/#\\\/schema\\\/logo\\\/image\\\/\"}}]}<\/script>\n<!-- \/ Yoast SEO plugin. -->","yoast_head_json":{"title":"Meus dados estar\u00e3o seguros? -","description":"Sim, os dados dos clientes coletados de cada usu\u00e1rio da plataforma Kyc? estar\u00e3o seguros e n\u00e3o ser\u00e3o compartilhados.","robots":{"index":"index","follow":"follow","max-snippet":"max-snippet:-1","max-image-preview":"max-image-preview:large","max-video-preview":"max-video-preview:-1"},"canonical":"https:\/\/mav.tec.br\/kyc\/meus-dados-estarao-seguros\/","og_locale":"pt_BR","og_type":"article","og_title":"Meus dados estar\u00e3o seguros? -","og_description":"Sim, os dados dos clientes coletados de cada usu\u00e1rio da plataforma Kyc? estar\u00e3o seguros e n\u00e3o ser\u00e3o compartilhados.","og_url":"https:\/\/mav.tec.br\/kyc\/meus-dados-estarao-seguros\/","article_modified_time":"2024-10-16T15:56:38+00:00","og_image":[{"width":1200,"height":628,"url":"https:\/\/mav.tec.br\/kyc\/wp-content\/uploads\/2024\/10\/cybersecurity.jpg","type":"image\/jpeg"}],"twitter_card":"summary_large_image","twitter_misc":{"Est. tempo de leitura":"2 minutos"},"schema":{"@context":"https:\/\/schema.org","@graph":[{"@type":"WebPage","@id":"https:\/\/mav.tec.br\/kyc\/meus-dados-estarao-seguros\/","url":"https:\/\/mav.tec.br\/kyc\/meus-dados-estarao-seguros\/","name":"Meus dados estar\u00e3o seguros? -","isPartOf":{"@id":"https:\/\/mav.tec.br\/kyc\/#website"},"primaryImageOfPage":{"@id":"https:\/\/mav.tec.br\/kyc\/meus-dados-estarao-seguros\/#primaryimage"},"image":{"@id":"https:\/\/mav.tec.br\/kyc\/meus-dados-estarao-seguros\/#primaryimage"},"thumbnailUrl":"https:\/\/mav.tec.br\/kyc\/wp-content\/uploads\/2024\/10\/cybersecurity.jpg","datePublished":"2024-10-16T15:55:19+00:00","dateModified":"2024-10-16T15:56:38+00:00","description":"Sim, os dados dos clientes coletados de cada usu\u00e1rio da plataforma Kyc? estar\u00e3o seguros e n\u00e3o ser\u00e3o compartilhados.","breadcrumb":{"@id":"https:\/\/mav.tec.br\/kyc\/meus-dados-estarao-seguros\/#breadcrumb"},"inLanguage":"pt-BR","potentialAction":[{"@type":"ReadAction","target":["https:\/\/mav.tec.br\/kyc\/meus-dados-estarao-seguros\/"]}]},{"@type":"ImageObject","inLanguage":"pt-BR","@id":"https:\/\/mav.tec.br\/kyc\/meus-dados-estarao-seguros\/#primaryimage","url":"https:\/\/mav.tec.br\/kyc\/wp-content\/uploads\/2024\/10\/cybersecurity.jpg","contentUrl":"https:\/\/mav.tec.br\/kyc\/wp-content\/uploads\/2024\/10\/cybersecurity.jpg","width":1200,"height":628},{"@type":"BreadcrumbList","@id":"https:\/\/mav.tec.br\/kyc\/meus-dados-estarao-seguros\/#breadcrumb","itemListElement":[{"@type":"ListItem","position":1,"name":"In\u00edcio","item":"https:\/\/mav.tec.br\/kyc\/"},{"@type":"ListItem","position":2,"name":"Meus dados estar\u00e3o seguros?"}]},{"@type":"WebSite","@id":"https:\/\/mav.tec.br\/kyc\/#website","url":"https:\/\/mav.tec.br\/kyc\/","name":"Conhe\u00e7a o seu Cliente","description":"Existem apenas dois motivos para algu\u00e9m comprar: necessidade ou desejo. Quem foca na necessidade sobrevive, mas quem domina os desejos dos clientes alcan\u00e7a o verdadeiro sucesso.","publisher":{"@id":"https:\/\/mav.tec.br\/kyc\/#organization"},"potentialAction":[{"@type":"SearchAction","target":{"@type":"EntryPoint","urlTemplate":"https:\/\/mav.tec.br\/kyc\/?s={search_term_string}"},"query-input":{"@type":"PropertyValueSpecification","valueRequired":true,"valueName":"search_term_string"}}],"inLanguage":"pt-BR"},{"@type":"Organization","@id":"https:\/\/mav.tec.br\/kyc\/#organization","name":"Kyc?","url":"https:\/\/mav.tec.br\/kyc\/","logo":{"@type":"ImageObject","inLanguage":"pt-BR","@id":"https:\/\/mav.tec.br\/kyc\/#\/schema\/logo\/image\/","url":"https:\/\/mav.tec.br\/kyc\/wp-content\/uploads\/2024\/08\/cropped-KYC-1.png","contentUrl":"https:\/\/mav.tec.br\/kyc\/wp-content\/uploads\/2024\/08\/cropped-KYC-1.png","width":512,"height":512,"caption":"Kyc?"},"image":{"@id":"https:\/\/mav.tec.br\/kyc\/#\/schema\/logo\/image\/"}}]}},"_links":{"self":[{"href":"https:\/\/mav.tec.br\/kyc\/wp-json\/wp\/v2\/pages\/727","targetHints":{"allow":["GET"]}}],"collection":[{"href":"https:\/\/mav.tec.br\/kyc\/wp-json\/wp\/v2\/pages"}],"about":[{"href":"https:\/\/mav.tec.br\/kyc\/wp-json\/wp\/v2\/types\/page"}],"author":[{"embeddable":true,"href":"https:\/\/mav.tec.br\/kyc\/wp-json\/wp\/v2\/users\/3"}],"replies":[{"embeddable":true,"href":"https:\/\/mav.tec.br\/kyc\/wp-json\/wp\/v2\/comments?post=727"}],"version-history":[{"count":3,"href":"https:\/\/mav.tec.br\/kyc\/wp-json\/wp\/v2\/pages\/727\/revisions"}],"predecessor-version":[{"id":730,"href":"https:\/\/mav.tec.br\/kyc\/wp-json\/wp\/v2\/pages\/727\/revisions\/730"}],"wp:featuredmedia":[{"embeddable":true,"href":"https:\/\/mav.tec.br\/kyc\/wp-json\/wp\/v2\/media\/711"}],"wp:attachment":[{"href":"https:\/\/mav.tec.br\/kyc\/wp-json\/wp\/v2\/media?parent=727"}],"curies":[{"name":"wp","href":"https:\/\/api.w.org\/{rel}","templated":true}]}}